{"id":187,"date":"2015-08-08T15:24:53","date_gmt":"2015-08-08T13:24:53","guid":{"rendered":"https:\/\/kulturundgeschlecht.blogs.ruhr-uni-bochum.de\/?page_id=187"},"modified":"2023-07-13T12:25:20","modified_gmt":"2023-07-13T10:25:20","slug":"about","status":"publish","type":"page","link":"https:\/\/kulturundgeschlecht.blogs.ruhr-uni-bochum.de\/?page_id=187","title":{"rendered":"About"},"content":{"rendered":"<p>Das <em>onlinejournal kultur &amp; geschlecht<\/em> wurde als transdisziplin\u00e4res Forum f\u00fcr Nachwuchswissenschaftler:innen der Ruhr-Universit\u00e4t Bochum gegr\u00fcndet. Es wurde von 2007 bis 2023 am Lehrstuhl f\u00fcr Medien\u00f6ffentlichkeit und Medienakteure mit besonderer Ber\u00fccksichtigung von Gender des Instituts f\u00fcr Medienwissenschaft der Ruhr-Universit\u00e4t Bochum von Prof. Dr. Astrid Deuber-Mankowsky und verschiedenen Co-Herausgeber_innen, zuletzt Dr. Peter Vignold, herausgegeben, gef\u00f6rdert von der Fakult\u00e4t f\u00fcr Philologie und dem Rektorat der RUB.<\/p>\n<p>Sein urspr\u00fcngliches Ziel besteht darin, umfassendere Hausarbeiten, Bachelor- und Masterarbeiten, Tagungen und Workshops mit innovativen Ans\u00e4tzen und Fragestellungen der Geschlechterforschung einer gr\u00f6\u00dferen \u00d6ffentlichkeit zug\u00e4nglich zu machen, wobei der Schwerpunkt auf aktuellen medienkulturwissenschaftlichen Gender- und Queer Studies liegt. Als Open Access-Publikation l\u00e4sst es ein breites Publikum am kontinuierlichen Prozess der wissenschaftlichen Erschlie\u00dfung aktueller kultureller und medialer Ph\u00e4nomene und ihrer Verflechtung mit genderrelevanten Fragen teilhaben.<\/p>\n<p>Das <em>onlinejournal<\/em> wuchs jedoch bald \u00fcber seinen urspr\u00fcnglichen Zweck hinaus, und ist heute, nach insgesamt 31 Ausgaben mit 175 ver\u00f6ffentlichten Artikeln, zahlreichen Schwerpunkten, Sonderausgaben und Gastbeitr\u00e4gen etablierter Forscher:innen, zu einer Institution in der deutschsprachigen Gender\/Medienkulturwissenschaft herangereift. Es soll deshalb auf Wunsch der aktuellen und ehemaligen Herausgeber_innen \u00fcber die Emeritierung von Prof. Dr. Deuber-Mankowsky im Sommersemester 2023 hinaus an einem neuen Ort und unter einer neuen Herausgeber_innenschaft weiter erscheinen. Das <em>onlinejournal kultur &amp; geschlecht<\/em> verabschiedet sich aus diesem Grund in eine organisatorische Pause, aus der es im n\u00e4chsten Jahr nach einem Generationenwechsel mit einem neuen Herausgeber_innenteam und neuer Redaktion zur\u00fcckkehren wird.<\/p>\n<div class=\"twoclick_social_bookmarks_post_187 social_share_privacy clearfix 1.6.4 locale-de_DE sprite-de_DE\"><\/div><div class=\"twoclick-js\"><script type=\"text\/javascript\">\/* <![CDATA[ *\/\njQuery(document).ready(function($){if($('.twoclick_social_bookmarks_post_187')){$('.twoclick_social_bookmarks_post_187').socialSharePrivacy({\"services\":{\"facebook\":{\"status\":\"on\",\"txt_info\":\"2 Klicks f\\u00fcr mehr Datenschutz: Erst wenn Sie hier klicken, wird der Button aktiv und Sie k\\u00f6nnen Ihre Empfehlung an Facebook senden. Schon beim Aktivieren werden Daten an Dritte \\u00fcbertragen.\",\"perma_option\":\"off\",\"action\":\"recommend\",\"language\":\"de_DE\"},\"twitter\":{\"reply_to\":\"\",\"tweet_text\":\"About%20%C2%BB%20onlinejournal%20kultur%20%26%20geschlecht\",\"status\":\"on\",\"txt_info\":\"2 Klicks f\\u00fcr mehr Datenschutz: Erst wenn Sie hier klicken, wird der Button aktiv und Sie k\\u00f6nnen Ihre Empfehlung an Twitter senden. Schon beim Aktivieren werden Daten an Dritte \\u00fcbertragen.\",\"perma_option\":\"off\",\"language\":\"de\",\"referrer_track\":\"\"},\"gplus\":{\"status\":\"on\",\"txt_info\":\"2 Klicks f\\u00fcr mehr Datenschutz: Erst wenn Sie hier klicken, wird der Button aktiv und Sie k\\u00f6nnen Ihre Empfehlung an Google+ senden. Schon beim Aktivieren werden Daten an Dritte \\u00fcbertragen.\",\"perma_option\":\"off\",\"referrer_track\":\"\"}},\"txt_help\":\"Wenn Sie diese Felder durch einen Klick aktivieren, werden Informationen an Facebook, Twitter oder Google eventuell ins Ausland \\u00fcbertragen und unter Umst\\u00e4nden auch dort gespeichert.\",\"settings_perma\":\"Dauerhaft aktivieren und Daten\\u00fcber-tragung zustimmen:\",\"info_link\":\"http:\\\/\\\/\",\"uri\":\"https:\\\/\\\/kulturundgeschlecht.blogs.ruhr-uni-bochum.de\\\/?page_id=187\",\"post_id\":187,\"post_title_referrer_track\":\"About\",\"display_infobox\":\"off\"});}});\n\/* ]]> *\/<\/script><\/div>","protected":false},"excerpt":{"rendered":"<p>Das onlinejournal kultur &amp; geschlecht wurde als transdisziplin\u00e4res Forum f\u00fcr Nachwuchswissenschaftler:innen der Ruhr-Universit\u00e4t Bochum gegr\u00fcndet. Es wurde von 2007 bis 2023 am Lehrstuhl f\u00fcr Medien\u00f6ffentlichkeit und Medienakteure mit besonderer Ber\u00fccksichtigung von Gender des Instituts f\u00fcr Medienwissenschaft der Ruhr-Universit\u00e4t Bochum von &hellip; <a href=\"https:\/\/kulturundgeschlecht.blogs.ruhr-uni-bochum.de\/?page_id=187\">Weiterlesen <span class=\"meta-nav\">&rarr;<\/span><\/a><\/p>\n","protected":false},"author":7,"featured_media":0,"parent":0,"menu_order":0,"comment_status":"closed","ping_status":"open","template":"","meta":{"footnotes":""},"class_list":["post-187","page","type-page","status-publish","hentry"],"_links":{"self":[{"href":"https:\/\/kulturundgeschlecht.blogs.ruhr-uni-bochum.de\/index.php?rest_route=\/wp\/v2\/pages\/187","targetHints":{"allow":["GET"]}}],"collection":[{"href":"https:\/\/kulturundgeschlecht.blogs.ruhr-uni-bochum.de\/index.php?rest_route=\/wp\/v2\/pages"}],"about":[{"href":"https:\/\/kulturundgeschlecht.blogs.ruhr-uni-bochum.de\/index.php?rest_route=\/wp\/v2\/types\/page"}],"author":[{"embeddable":true,"href":"https:\/\/kulturundgeschlecht.blogs.ruhr-uni-bochum.de\/index.php?rest_route=\/wp\/v2\/users\/7"}],"replies":[{"embeddable":true,"href":"https:\/\/kulturundgeschlecht.blogs.ruhr-uni-bochum.de\/index.php?rest_route=%2Fwp%2Fv2%2Fcomments&post=187"}],"version-history":[{"count":10,"href":"https:\/\/kulturundgeschlecht.blogs.ruhr-uni-bochum.de\/index.php?rest_route=\/wp\/v2\/pages\/187\/revisions"}],"predecessor-version":[{"id":1220,"href":"https:\/\/kulturundgeschlecht.blogs.ruhr-uni-bochum.de\/index.php?rest_route=\/wp\/v2\/pages\/187\/revisions\/1220"}],"wp:attachment":[{"href":"https:\/\/kulturundgeschlecht.blogs.ruhr-uni-bochum.de\/index.php?rest_route=%2Fwp%2Fv2%2Fmedia&parent=187"}],"curies":[{"name":"wp","href":"https:\/\/api.w.org\/{rel}","templated":true}]}}